{"id":4838,"date":"2019-05-07T15:23:43","date_gmt":"2019-05-07T15:23:43","guid":{"rendered":"https:\/\/bodadefoto.com\/contacto\/"},"modified":"2020-04-01T13:49:26","modified_gmt":"2020-04-01T13:49:26","slug":"contacto","status":"publish","type":"page","link":"https:\/\/bodadefoto.com\/en\/contacto\/","title":{"rendered":"Contact BDF"},"content":{"rendered":"\t\t<div data-elementor-type=\"wp-post\" data-elementor-id=\"4838\" class=\"elementor elementor-4838 elementor-2552\">\n\t\t\t\t\t\t<section class=\"jarallax lazyload elementor-section elementor-top-section elementor-element elementor-element-0fbab91 elementor-section-boxed elementor-section-height-default elementor-section-height-default\" data-jarallax=\"\" data-speed=\"0.75\" data-type=\"scroll\" data-parallax=\"scroll\" style=\"background-image:url(&quot;https:\/\/bodadefoto.com\/wp-content\/uploads\/2020\/03\/FOTOS-CAJITA-WEB-2020-0010.jpg&quot;);\" data-image-src=\"https:\/\/bodadefoto.com\/wp-content\/uploads\/2020\/03\/FOTOS-CAJITA-WEB-2020-0010.jpg\" data-id=\"0fbab91\" data-element_type=\"section\" data-e-type=\"section\" data-settings=\"{&quot;background_background&quot;:&quot;classic&quot;}\">\n\t\t\t\t\t\t\t<div class=\"elementor-background-overlay\"><\/div>\n\t\t\t\t\t\t\t<div class=\"elementor-container elementor-column-gap-default\">\n\t\t\t\t\t<div class=\"elementor-column elementor-col-100 elementor-top-column elementor-element elementor-element-8de6e56\" data-id=\"8de6e56\" data-element_type=\"column\" data-e-type=\"column\">\n\t\t\t<div class=\"elementor-widget-wrap elementor-element-populated\">\n\t\t\t\t\t\t<div class=\"elementor-element elementor-element-02bd22c elementor-widget elementor-widget-spacer\" data-id=\"02bd22c\" data-element_type=\"widget\" data-e-type=\"widget\" data-widget_type=\"spacer.default\">\n\t\t\t\t<div class=\"elementor-widget-container\">\n\t\t\t\t\t\t\t<div class=\"elementor-spacer\">\n\t\t\t<div class=\"elementor-spacer-inner\"><\/div>\n\t\t<\/div>\n\t\t\t\t\t\t<\/div>\n\t\t\t\t<\/div>\n\t\t\t\t\t<\/div>\n\t\t<\/div>\n\t\t\t\t\t<\/div>\n\t\t<\/section>\n\t\t\t\t<section class=\"elementor-section elementor-top-section elementor-element elementor-element-617c0bc elementor-section-boxed elementor-section-height-default elementor-section-height-default\" data-id=\"617c0bc\" data-element_type=\"section\" data-e-type=\"section\">\n\t\t\t\t\t\t<div class=\"elementor-container elementor-column-gap-default\">\n\t\t\t\t\t<div class=\"elementor-column elementor-col-100 elementor-top-column elementor-element elementor-element-48d9df1\" data-id=\"48d9df1\" data-element_type=\"column\" data-e-type=\"column\">\n\t\t\t<div class=\"elementor-widget-wrap elementor-element-populated\">\n\t\t\t\t\t\t<div class=\"elementor-element elementor-element-39ed462 elementor-widget elementor-widget-spacer\" data-id=\"39ed462\" data-element_type=\"widget\" data-e-type=\"widget\" data-widget_type=\"spacer.default\">\n\t\t\t\t<div class=\"elementor-widget-container\">\n\t\t\t\t\t\t\t<div class=\"elementor-spacer\">\n\t\t\t<div class=\"elementor-spacer-inner\"><\/div>\n\t\t<\/div>\n\t\t\t\t\t\t<\/div>\n\t\t\t\t<\/div>\n\t\t\t\t\t<\/div>\n\t\t<\/div>\n\t\t\t\t\t<\/div>\n\t\t<\/section>\n\t\t\t\t<section class=\"elementor-section elementor-top-section elementor-element elementor-element-c7d4e80 elementor-section-boxed elementor-section-height-default elementor-section-height-default\" data-id=\"c7d4e80\" data-element_type=\"section\" data-e-type=\"section\">\n\t\t\t\t\t\t<div class=\"elementor-container elementor-column-gap-default\">\n\t\t\t\t\t<div class=\"elementor-column elementor-col-50 elementor-top-column elementor-element elementor-element-c18f4b4\" data-id=\"c18f4b4\" data-element_type=\"column\" data-e-type=\"column\">\n\t\t\t<div class=\"elementor-widget-wrap elementor-element-populated\">\n\t\t\t\t\t\t<div class=\"elementor-element elementor-element-713da4b elementor-widget elementor-widget-text-editor\" data-id=\"713da4b\" data-element_type=\"widget\" data-e-type=\"widget\" data-widget_type=\"text-editor.default\">\n\t\t\t\t<div class=\"elementor-widget-container\">\n\t\t\t\t\t\t\t\t\t<div data-id=\"bb1d953\" data-element_type=\"column\"><div data-id=\"bc18223\" data-element_type=\"widget\" data-widget_type=\"section-heading.default\"><h2 style=\"margin-bottom: 0px; font-style: normal; color: #7e8f71; line-height: 1;\" data-elementor-setting-key=\"title\" data-pen-placeholder=\"Teclea aqu\u00ed...\">CONTACT FORM<\/h2><div><p>\u00a0<\/p><p><span style=\"font-weight: 400;\">If you like our work and think that it could be what you are looking for, don\u2019t hesitate to contact us and we will get in touch as soon as possible to answer all your questions.<\/span><\/p><p><span style=\"font-weight: 400;\">We will be pleased to meet you!<\/span><\/p><\/div><p style=\"text-align: left;\">\u00a0<\/p><\/div><\/div>\t\t\t\t\t\t\t\t<\/div>\n\t\t\t\t<\/div>\n\t\t\t\t\t<\/div>\n\t\t<\/div>\n\t\t\t\t<div class=\"elementor-column elementor-col-50 elementor-top-column elementor-element elementor-element-a281f54\" data-id=\"a281f54\" data-element_type=\"column\" data-e-type=\"column\">\n\t\t\t<div class=\"elementor-widget-wrap elementor-element-populated\">\n\t\t\t\t\t\t<div class=\"elementor-element elementor-element-9d2ed5e elementor-widget elementor-widget-text-editor\" data-id=\"9d2ed5e\" data-element_type=\"widget\" data-e-type=\"widget\" data-widget_type=\"text-editor.default\">\n\t\t\t\t<div class=\"elementor-widget-container\">\n\t\t\t\t\t\t\t\t\t<div><div data-id=\"bb1d953\" data-element_type=\"column\"><div data-id=\"bc18223\" data-element_type=\"widget\" data-widget_type=\"section-heading.default\"><h2 style=\"margin-bottom: 0px; font-style: normal; color: #7e8f71; line-height: 1;\" data-elementor-setting-key=\"title\" data-pen-placeholder=\"Teclea aqu\u00ed...\">OUR STUDIO<\/h2><div>\u00a0<\/div><\/div><\/div><\/div><p>Efedos Estudio &#8211; Bodadefoto<br \/>Avd. Mart\u00ed Pujol 123 Local 1<br \/>08912, Badalona, Barcelona.<br \/>Espa\u00f1a. (SPAIN)<\/p><p>\u00c1ngel: +34 697 691 763\u00a0 Marc: +34 699 126 473\u00a0<\/p><p><strong>info@bodadefoto.es<\/strong><\/p>\t\t\t\t\t\t\t\t<\/div>\n\t\t\t\t<\/div>\n\t\t\t\t\t<\/div>\n\t\t<\/div>\n\t\t\t\t\t<\/div>\n\t\t<\/section>\n\t\t\t\t<section class=\"elementor-section elementor-top-section elementor-element elementor-element-9b4f78a elementor-section-boxed elementor-section-height-default elementor-section-height-default\" data-id=\"9b4f78a\" data-element_type=\"section\" data-e-type=\"section\">\n\t\t\t\t\t\t<div class=\"elementor-container elementor-column-gap-default\">\n\t\t\t\t\t<div class=\"elementor-column elementor-col-100 elementor-top-column elementor-element elementor-element-b015ce4\" data-id=\"b015ce4\" data-element_type=\"column\" data-e-type=\"column\">\n\t\t\t<div class=\"elementor-widget-wrap elementor-element-populated\">\n\t\t\t\t\t\t<div class=\"elementor-element elementor-element-873f3b2 input-border-style-curved input-icons-default elementor-widget elementor-widget-contactform\" data-id=\"873f3b2\" data-element_type=\"widget\" data-e-type=\"widget\" data-widget_type=\"contactform.default\">\n\t\t\t\t<div class=\"elementor-widget-container\">\n\t\t\t\t\t\t\t<div class=\"mtheme-contact-form-container\">\n\t\t\t\n<div class=\"wpcf7 no-js\" id=\"wpcf7-f5619-o1\" lang=\"en-US\" dir=\"ltr\" data-wpcf7-id=\"5619\">\n<div class=\"screen-reader-response\"><p role=\"status\" aria-live=\"polite\" aria-atomic=\"true\"><\/p> <ul><\/ul><\/div>\n<form action=\"\/en\/wp-json\/wp\/v2\/pages\/4838#wpcf7-f5619-o1\" method=\"post\" class=\"wpcf7-form init\" aria-label=\"Contact form\" novalidate=\"novalidate\" data-status=\"init\">\n<fieldset class=\"hidden-fields-container\"><input type=\"hidden\" name=\"_wpcf7\" value=\"5619\" \/><input type=\"hidden\" name=\"_wpcf7_version\" value=\"6.1.5\" \/><input type=\"hidden\" name=\"_wpcf7_locale\" value=\"en_US\" \/><input type=\"hidden\" name=\"_wpcf7_unit_tag\" value=\"wpcf7-f5619-o1\" \/><input type=\"hidden\" name=\"_wpcf7_container_post\" value=\"0\" \/><input type=\"hidden\" name=\"_wpcf7_posted_data_hash\" value=\"\" \/><input type=\"hidden\" name=\"_wpcf7_recaptcha_response\" value=\"\" \/>\n<\/fieldset>\n<div class=\"two-fields clearfix\">\n\t<div class=\"mtheme-form-field\">\n\t\t<p><i class=\"ion-ios-contact-outline\"><\/i><span class=\"wpcf7-form-control-wrap\" data-name=\"first-name\"><input size=\"40\" maxlength=\"400\" class=\"wpcf7-form-control wpcf7-text wpcf7-validates-as-required\" aria-required=\"true\" aria-invalid=\"false\" placeholder=\"Your Names (required)\" value=\"\" type=\"text\" name=\"first-name\" \/><\/span>\n\t\t<\/p>\n\t<\/div>\n\t<div class=\"mtheme-form-field\">\n\t\t<p><i class=\"ion-ios-calendar\"><\/i><span class=\"wpcf7-form-control-wrap\" data-name=\"date-001\"><input size=\"40\" maxlength=\"400\" class=\"wpcf7-form-control wpcf7-text wpcf7-validates-as-required\" aria-required=\"true\" aria-invalid=\"false\" placeholder=\"Wedding Date (required)\" value=\"\" type=\"text\" name=\"date-001\" \/><\/span>\n\t\t<\/p>\n\t<\/div>\n<\/div>\n<div class=\"two-fields clearfix\">\n\t<div class=\"mtheme-form-field\">\n\t\t<p><i class=\"ion-ios-email\"><\/i><span class=\"wpcf7-form-control-wrap\" data-name=\"email-980\"><input size=\"40\" maxlength=\"400\" class=\"wpcf7-form-control wpcf7-text wpcf7-validates-as-required\" aria-required=\"true\" aria-invalid=\"false\" placeholder=\"E-mail (required)\" value=\"\" type=\"text\" name=\"email-980\" \/><\/span>\n\t\t<\/p>\n\t<\/div>\n\t<div class=\"mtheme-form-field\">\n\t\t<p><i class=\"ion-ios-people\"><\/i><span class=\"wpcf7-form-control-wrap\" data-name=\"text-001\"><input size=\"40\" maxlength=\"400\" class=\"wpcf7-form-control wpcf7-text wpcf7-validates-as-required\" aria-required=\"true\" aria-invalid=\"false\" placeholder=\"Number of guest\" value=\"\" type=\"text\" name=\"text-001\" \/><\/span>\n\t\t<\/p>\n\t<\/div>\n<\/div>\n<div class=\"two-fields clearfix\">\n\t<div class=\"mtheme-form-field\">\n\t\t<p><i class=\"ion-ios-home\"><\/i><span class=\"wpcf7-form-control-wrap\" data-name=\"text-002\"><input size=\"40\" maxlength=\"400\" class=\"wpcf7-form-control wpcf7-text\" aria-invalid=\"false\" placeholder=\"Place of the ceremony (Required)\" value=\"\" type=\"text\" name=\"text-002\" \/><\/span>\n\t\t<\/p>\n\t<\/div>\n\t<div class=\"mtheme-form-field\">\n\t\t<p><i class=\"ion-android-restaurant\"><\/i><span class=\"wpcf7-form-control-wrap\" data-name=\"text-003\"><input size=\"40\" maxlength=\"400\" class=\"wpcf7-form-control wpcf7-text\" aria-invalid=\"false\" placeholder=\"Place of the celebration (Required)\" value=\"\" type=\"text\" name=\"text-003\" \/><\/span>\n\t\t<\/p>\n\t<\/div>\n<\/div>\n<div class=\"one-fields clearfix\">\n\t<div class=\"mtheme-form-field\">\n\t\t<p><i class=\"ion-android-contact\"><\/i><span class=\"wpcf7-form-control-wrap\" data-name=\"tel-001\"><input size=\"40\" maxlength=\"400\" class=\"wpcf7-form-control wpcf7-tel wpcf7-validates-as-required wpcf7-text wpcf7-validates-as-tel\" aria-required=\"true\" aria-invalid=\"false\" placeholder=\"Telephone contact\" value=\"\" type=\"tel\" name=\"tel-001\" \/><\/span>\n\t\t<\/p>\n\t<\/div>\n<\/div>\n<div class=\"one-fields clearfix\">\n\t<div class=\"mtheme-form-field\">\n\t\t<p><i class=\"ion-android-contact\"><\/i><span class=\"wpcf7-form-control-wrap\" data-name=\"text-004\"><input size=\"40\" maxlength=\"400\" class=\"wpcf7-form-control wpcf7-text wpcf7-validates-as-required\" aria-required=\"true\" aria-invalid=\"false\" placeholder=\"Do you have Wedding Planner? Tell us who\" value=\"\" type=\"text\" name=\"text-004\" \/><\/span>\n\t\t<\/p>\n\t<\/div>\n<\/div>\n<div class=\"one-fields clearfix\">\n\t<div class=\"mtheme-form-field\">\n\t\t<p><i class=\"ion-social-buffer\"><\/i><span class=\"wpcf7-form-control-wrap\" data-name=\"text-005\"><input size=\"40\" maxlength=\"400\" class=\"wpcf7-form-control wpcf7-text wpcf7-validates-as-required\" aria-required=\"true\" aria-invalid=\"false\" placeholder=\"How did you know us? Google, Instagram, Facebook, Bodas.net, Zankyou, Wedding Planner...\" value=\"\" type=\"text\" name=\"text-005\" \/><\/span>\n\t\t<\/p>\n\t<\/div>\n<\/div>\n<div class=\"one-fields clearfix\">\n\t<div class=\"mtheme-form-field\">\n\t\t<p><i class=\"ion-social-whatsapp\"><\/i><span class=\"wpcf7-form-control-wrap\" data-name=\"text-006\"><input size=\"40\" maxlength=\"400\" class=\"wpcf7-form-control wpcf7-text wpcf7-validates-as-required\" aria-required=\"true\" aria-invalid=\"false\" placeholder=\"If you want, you can show us your Instagram profiles. It would be great to see your faces!\" value=\"\" type=\"text\" name=\"text-006\" \/><\/span>\n\t\t<\/p>\n\t<\/div>\n<\/div>\n<div class=\"mtheme-form-field\">\n\t<p><i class=\"ion-android-people\"><\/i><span class=\"wpcf7-form-control-wrap\" data-name=\"textarea-312\"><textarea cols=\"40\" rows=\"10\" maxlength=\"2000\" class=\"wpcf7-form-control wpcf7-textarea\" aria-invalid=\"false\" placeholder=\"We would like to know a little bit more about your ideas for your great day...\" name=\"textarea-312\"><\/textarea><\/span>\n\t<\/p>\n<\/div>\n<div class=\"mtheme-form-field\">\n\t<p><span class=\"wpcf7-form-control-wrap\" data-name=\"PoliticaDePrivacidad\"><span class=\"wpcf7-form-control wpcf7-acceptance\"><span class=\"wpcf7-list-item\"><label><input type=\"checkbox\" name=\"PoliticaDePrivacidad\" value=\"1\" aria-invalid=\"false\" \/><span class=\"wpcf7-list-item-label\">I have read and accepted the <a href=\"https:\/\/bodadefoto.com\/politica-privacidad\">privacy policy<\/a><\/span><\/label><\/span><\/span><\/span>\n\t<\/p>\n<\/div>\n<div class=\"two-fields clearfix\">\n<\/div>\n<p><input class=\"wpcf7-form-control wpcf7-submit has-spinner\" type=\"submit\" value=\"SEND\" \/>\n<\/p><div class=\"wpcf7-response-output\" aria-hidden=\"true\"><\/div>\n<\/form>\n<\/div>\n\t\t<\/div>\n\t\t\t\t\t\t<\/div>\n\t\t\t\t<\/div>\n\t\t\t\t\t<\/div>\n\t\t<\/div>\n\t\t\t\t\t<\/div>\n\t\t<\/section>\n\t\t\t\t<section class=\"elementor-section elementor-top-section elementor-element elementor-element-7c92711 elementor-section-boxed elementor-section-height-default elementor-section-height-default\" data-id=\"7c92711\" data-element_type=\"section\" data-e-type=\"section\">\n\t\t\t\t\t\t<div class=\"elementor-container elementor-column-gap-default\">\n\t\t\t\t\t<div class=\"elementor-column elementor-col-100 elementor-top-column elementor-element elementor-element-554cbe3\" data-id=\"554cbe3\" data-element_type=\"column\" data-e-type=\"column\">\n\t\t\t<div class=\"elementor-widget-wrap\">\n\t\t\t\t\t\t\t<\/div>\n\t\t<\/div>\n\t\t\t\t\t<\/div>\n\t\t<\/section>\n\t\t\t\t<section class=\"elementor-section elementor-top-section elementor-element elementor-element-8b5cf54 elementor-section-boxed elementor-section-height-default elementor-section-height-default\" data-id=\"8b5cf54\" data-element_type=\"section\" data-e-type=\"section\">\n\t\t\t\t\t\t<div class=\"elementor-container elementor-column-gap-default\">\n\t\t\t\t\t<div class=\"elementor-column elementor-col-100 elementor-top-column elementor-element elementor-element-9a38568\" data-id=\"9a38568\" data-element_type=\"column\" data-e-type=\"column\">\n\t\t\t<div class=\"elementor-widget-wrap\">\n\t\t\t\t\t\t\t<\/div>\n\t\t<\/div>\n\t\t\t\t\t<\/div>\n\t\t<\/section>\n\t\t\t\t<\/div>\n\t\t","protected":false},"excerpt":{"rendered":"<p>CONTACT FORM \u00a0 If you like our work and think that it could be what you are looking for, don\u2019t hesitate to contact us and we will get in touch as soon as possible to answer all your questions. We will be pleased to meet you! \u00a0 OUR STUDIO \u00a0 Efedos Estudio &#8211; BodadefotoAvd. Mart\u00ed Pujol 123 Local 108912, Badalona, Barcelona.Espa\u00f1a. (SPAIN) \u00c1ngel: +34 697 691 763\u00a0 Marc: +34 699 126 473\u00a0 info@bodadefoto.es I have read and accepted the privacy [&hellip;]<\/p>\n","protected":false},"author":1,"featured_media":0,"parent":0,"menu_order":0,"comment_status":"closed","ping_status":"closed","template":"","meta":{"footnotes":""},"class_list":["post-4838","page","type-page","status-publish","hentry"],"yoast_head":"<!-- This site is optimized with the Yoast SEO plugin v27.5 - https:\/\/yoast.com\/product\/yoast-seo-wordpress\/ -->\n<title>Contact BDF - Bodadefoto<\/title>\n<meta name=\"robots\" content=\"index, follow, max-snippet:-1, max-image-preview:large, max-video-preview:-1\" \/>\n<link rel=\"canonical\" href=\"https:\/\/bodadefoto.com\/en\/contacto\/\" \/>\n<meta property=\"og:locale\" content=\"en_US\" \/>\n<meta property=\"og:type\" content=\"article\" \/>\n<meta property=\"og:title\" content=\"Contact BDF - Bodadefoto\" \/>\n<meta property=\"og:description\" content=\"CONTACT FORM \u00a0 If you like our work and think that it could be what you are looking for, don\u2019t hesitate to contact us and we will get in touch as soon as possible to answer all your questions. We will be pleased to meet you! \u00a0 OUR STUDIO \u00a0 Efedos Estudio &#8211; BodadefotoAvd. Mart\u00ed Pujol 123 Local 108912, Badalona, Barcelona.Espa\u00f1a. (SPAIN) \u00c1ngel: +34 697 691 763\u00a0 Marc: +34 699 126 473\u00a0 info@bodadefoto.es I have read and accepted the privacy [&hellip;]\" \/>\n<meta property=\"og:url\" content=\"https:\/\/bodadefoto.com\/en\/contacto\/\" \/>\n<meta property=\"og:site_name\" content=\"Bodadefoto\" \/>\n<meta property=\"article:modified_time\" content=\"2020-04-01T13:49:26+00:00\" \/>\n<meta name=\"twitter:card\" content=\"summary_large_image\" \/>\n<script type=\"application\/ld+json\" class=\"yoast-schema-graph\">{\"@context\":\"https:\\\/\\\/schema.org\",\"@graph\":[{\"@type\":\"WebPage\",\"@id\":\"https:\\\/\\\/bodadefoto.com\\\/en\\\/contacto\\\/\",\"url\":\"https:\\\/\\\/bodadefoto.com\\\/en\\\/contacto\\\/\",\"name\":\"Contact BDF - Bodadefoto\",\"isPartOf\":{\"@id\":\"https:\\\/\\\/bodadefoto.com\\\/en\\\/#website\"},\"datePublished\":\"2019-05-07T15:23:43+00:00\",\"dateModified\":\"2020-04-01T13:49:26+00:00\",\"breadcrumb\":{\"@id\":\"https:\\\/\\\/bodadefoto.com\\\/en\\\/contacto\\\/#breadcrumb\"},\"inLanguage\":\"en-US\",\"potentialAction\":[{\"@type\":\"ReadAction\",\"target\":[\"https:\\\/\\\/bodadefoto.com\\\/en\\\/contacto\\\/\"]}]},{\"@type\":\"BreadcrumbList\",\"@id\":\"https:\\\/\\\/bodadefoto.com\\\/en\\\/contacto\\\/#breadcrumb\",\"itemListElement\":[{\"@type\":\"ListItem\",\"position\":1,\"name\":\"Portada\",\"item\":\"https:\\\/\\\/bodadefoto.com\\\/en\\\/\"},{\"@type\":\"ListItem\",\"position\":2,\"name\":\"Contact BDF\"}]},{\"@type\":\"WebSite\",\"@id\":\"https:\\\/\\\/bodadefoto.com\\\/en\\\/#website\",\"url\":\"https:\\\/\\\/bodadefoto.com\\\/en\\\/\",\"name\":\"Bodadefoto\",\"description\":\"Fot\u00f3grafos y vide\u00f3grafos de bodas en Barcelona con ganas de desplazarnos por todo el mundo\",\"potentialAction\":[{\"@type\":\"SearchAction\",\"target\":{\"@type\":\"EntryPoint\",\"urlTemplate\":\"https:\\\/\\\/bodadefoto.com\\\/en\\\/?s={search_term_string}\"},\"query-input\":{\"@type\":\"PropertyValueSpecification\",\"valueRequired\":true,\"valueName\":\"search_term_string\"}}],\"inLanguage\":\"en-US\"}]}<\/script>\n<!-- \/ Yoast SEO plugin. -->","yoast_head_json":{"title":"Contact BDF - Bodadefoto","robots":{"index":"index","follow":"follow","max-snippet":"max-snippet:-1","max-image-preview":"max-image-preview:large","max-video-preview":"max-video-preview:-1"},"canonical":"https:\/\/bodadefoto.com\/en\/contacto\/","og_locale":"en_US","og_type":"article","og_title":"Contact BDF - Bodadefoto","og_description":"CONTACT FORM \u00a0 If you like our work and think that it could be what you are looking for, don\u2019t hesitate to contact us and we will get in touch as soon as possible to answer all your questions. We will be pleased to meet you! \u00a0 OUR STUDIO \u00a0 Efedos Estudio &#8211; BodadefotoAvd. Mart\u00ed Pujol 123 Local 108912, Badalona, Barcelona.Espa\u00f1a. (SPAIN) \u00c1ngel: +34 697 691 763\u00a0 Marc: +34 699 126 473\u00a0 info@bodadefoto.es I have read and accepted the privacy [&hellip;]","og_url":"https:\/\/bodadefoto.com\/en\/contacto\/","og_site_name":"Bodadefoto","article_modified_time":"2020-04-01T13:49:26+00:00","twitter_card":"summary_large_image","schema":{"@context":"https:\/\/schema.org","@graph":[{"@type":"WebPage","@id":"https:\/\/bodadefoto.com\/en\/contacto\/","url":"https:\/\/bodadefoto.com\/en\/contacto\/","name":"Contact BDF - Bodadefoto","isPartOf":{"@id":"https:\/\/bodadefoto.com\/en\/#website"},"datePublished":"2019-05-07T15:23:43+00:00","dateModified":"2020-04-01T13:49:26+00:00","breadcrumb":{"@id":"https:\/\/bodadefoto.com\/en\/contacto\/#breadcrumb"},"inLanguage":"en-US","potentialAction":[{"@type":"ReadAction","target":["https:\/\/bodadefoto.com\/en\/contacto\/"]}]},{"@type":"BreadcrumbList","@id":"https:\/\/bodadefoto.com\/en\/contacto\/#breadcrumb","itemListElement":[{"@type":"ListItem","position":1,"name":"Portada","item":"https:\/\/bodadefoto.com\/en\/"},{"@type":"ListItem","position":2,"name":"Contact BDF"}]},{"@type":"WebSite","@id":"https:\/\/bodadefoto.com\/en\/#website","url":"https:\/\/bodadefoto.com\/en\/","name":"Bodadefoto","description":"Fot\u00f3grafos y vide\u00f3grafos de bodas en Barcelona con ganas de desplazarnos por todo el mundo","potentialAction":[{"@type":"SearchAction","target":{"@type":"EntryPoint","urlTemplate":"https:\/\/bodadefoto.com\/en\/?s={search_term_string}"},"query-input":{"@type":"PropertyValueSpecification","valueRequired":true,"valueName":"search_term_string"}}],"inLanguage":"en-US"}]}},"_links":{"self":[{"href":"https:\/\/bodadefoto.com\/en\/wp-json\/wp\/v2\/pages\/4838","targetHints":{"allow":["GET"]}}],"collection":[{"href":"https:\/\/bodadefoto.com\/en\/wp-json\/wp\/v2\/pages"}],"about":[{"href":"https:\/\/bodadefoto.com\/en\/wp-json\/wp\/v2\/types\/page"}],"author":[{"embeddable":true,"href":"https:\/\/bodadefoto.com\/en\/wp-json\/wp\/v2\/users\/1"}],"replies":[{"embeddable":true,"href":"https:\/\/bodadefoto.com\/en\/wp-json\/wp\/v2\/comments?post=4838"}],"version-history":[{"count":7,"href":"https:\/\/bodadefoto.com\/en\/wp-json\/wp\/v2\/pages\/4838\/revisions"}],"predecessor-version":[{"id":5715,"href":"https:\/\/bodadefoto.com\/en\/wp-json\/wp\/v2\/pages\/4838\/revisions\/5715"}],"wp:attachment":[{"href":"https:\/\/bodadefoto.com\/en\/wp-json\/wp\/v2\/media?parent=4838"}],"curies":[{"name":"wp","href":"https:\/\/api.w.org\/{rel}","templated":true}]}}